{"id":1069,"date":"2025-07-10T18:30:20","date_gmt":"2025-07-10T23:30:20","guid":{"rendered":"https:\/\/champp.mx\/?page_id=1069"},"modified":"2025-07-10T18:37:13","modified_gmt":"2025-07-10T23:37:13","slug":"arranque","status":"publish","type":"page","link":"https:\/\/champp.mx\/index.php\/arranque\/","title":{"rendered":"Arranque"},"content":{"rendered":"\t\t<div data-elementor-type=\"wp-page\" data-elementor-id=\"1069\" class=\"elementor elementor-1069\">\n\t\t\t\t<div class=\"elementor-element elementor-element-a0929f7 e-flex e-con-boxed e-con e-parent\" data-id=\"a0929f7\" data-element_type=\"container\" data-e-type=\"container\" data-settings=\"{&quot;background_background&quot;:&quot;classic&quot;}\">\n\t\t\t\t\t<div class=\"e-con-inner\">\n\t\t\t\t<div class=\"elementor-element elementor-element-0734fcd elementor-widget elementor-widget-spacer\" data-id=\"0734fcd\" data-element_type=\"widget\" data-e-type=\"widget\" data-widget_type=\"spacer.default\">\n\t\t\t\t<div class=\"elementor-widget-container\">\n\t\t\t\t\t\t\t<div class=\"elementor-spacer\">\n\t\t\t<div class=\"elementor-spacer-inner\"><\/div>\n\t\t<\/div>\n\t\t\t\t\t\t<\/div>\n\t\t\t\t<\/div>\n\t\t\t\t<div class=\"elementor-element elementor-element-b21c82b elementor-widget elementor-widget-heading\" data-id=\"b21c82b\" data-element_type=\"widget\" data-e-type=\"widget\" data-widget_type=\"heading.default\">\n\t\t\t\t<div class=\"elementor-widget-container\">\n\t\t\t\t\t<h3 class=\"elementor-heading-title elementor-size-default\">ARRANQUE<\/h3>\t\t\t\t<\/div>\n\t\t\t\t<\/div>\n\t\t\t\t<div class=\"elementor-element elementor-element-417af61 elementor-widget elementor-widget-spacer\" data-id=\"417af61\" data-element_type=\"widget\" data-e-type=\"widget\" data-widget_type=\"spacer.default\">\n\t\t\t\t<div class=\"elementor-widget-container\">\n\t\t\t\t\t\t\t<div class=\"elementor-spacer\">\n\t\t\t<div class=\"elementor-spacer-inner\"><\/div>\n\t\t<\/div>\n\t\t\t\t\t\t<\/div>\n\t\t\t\t<\/div>\n\t\t\t\t\t<\/div>\n\t\t\t\t<\/div>\n\t\t<div class=\"elementor-element elementor-element-e15c1a5 e-flex e-con-boxed e-con e-parent\" data-id=\"e15c1a5\" data-element_type=\"container\" data-e-type=\"container\" data-settings=\"{&quot;background_background&quot;:&quot;classic&quot;}\">\n\t\t\t\t\t<div class=\"e-con-inner\">\n\t\t<div class=\"elementor-element elementor-element-0c372db e-grid e-con-full e-con e-child\" data-id=\"0c372db\" data-element_type=\"container\" data-e-type=\"container\" data-settings=\"{&quot;background_background&quot;:&quot;classic&quot;}\">\n\t\t<div class=\"elementor-element elementor-element-951abc1 e-flex e-con-boxed e-con e-child\" data-id=\"951abc1\" data-element_type=\"container\" data-e-type=\"container\">\n\t\t\t\t\t<div class=\"e-con-inner\">\n\t\t<div class=\"elementor-element elementor-element-fc2ab0c e-con-full e-flex e-con e-child\" data-id=\"fc2ab0c\" data-element_type=\"container\" data-e-type=\"container\" data-settings=\"{&quot;background_background&quot;:&quot;classic&quot;}\">\n\t\t\t\t<div class=\"elementor-element elementor-element-6433a81 elementor-widget elementor-widget-heading\" data-id=\"6433a81\" data-element_type=\"widget\" data-e-type=\"widget\" data-widget_type=\"heading.default\">\n\t\t\t\t<div class=\"elementor-widget-container\">\n\t\t\t\t\t<h5 class=\"elementor-heading-title elementor-size-default\">Para continuar el proceso ingresar datos completos<\/h5>\t\t\t\t<\/div>\n\t\t\t\t<\/div>\n\t\t\t\t<div class=\"elementor-element elementor-element-14346d1 elementor-widget elementor-widget-wpforms\" data-id=\"14346d1\" data-element_type=\"widget\" data-e-type=\"widget\" data-widget_type=\"wpforms.default\">\n\t\t\t\t<div class=\"elementor-widget-container\">\n\t\t\t\t\t<style id=\"wpforms-css-vars-elementor-widget-14346d1\">\n\t\t\t\t.elementor-widget-wpforms.elementor-element-14346d1 {\n\t\t\t\t--wpforms-button-background-color: #96E502;\n--wpforms-button-text-color: #000000;\n\t\t\t}\n\t\t\t<\/style><div class=\"wpforms-container wpforms-container-full wpforms-render-modern\" id=\"wpforms-417\"><form id=\"wpforms-form-417\" class=\"wpforms-validate wpforms-form wpforms-ajax-form\" data-formid=\"417\" method=\"post\" enctype=\"multipart\/form-data\" action=\"\/index.php\/wp-json\/wp\/v2\/pages\/1069\" data-token=\"7de2fc56aadf5128456793c4fcd1347d\" data-token-time=\"1775550374\"><noscript class=\"wpforms-error-noscript\">Por favor, activa JavaScript en tu navegador para completar este formulario.<\/noscript><div id=\"wpforms-error-noscript\" style=\"display: none;\">Por favor, activa JavaScript en tu navegador para completar este formulario.<\/div><div class=\"wpforms-field-container\"><div id=\"wpforms-417-field_1-container\" class=\"wpforms-field wpforms-field-name\" data-field-id=\"1\"><fieldset><legend class=\"wpforms-field-label\">Nombre <span class=\"wpforms-required-label\" aria-hidden=\"true\">*<\/span><\/legend><div class=\"wpforms-field-row wpforms-field-medium\"><div class=\"wpforms-field-row-block wpforms-first wpforms-one-half\"><input type=\"text\" id=\"wpforms-417-field_1\" class=\"wpforms-field-name-first wpforms-field-required\" name=\"wpforms[fields][1][first]\" aria-errormessage=\"wpforms-417-field_1-error\" required><label for=\"wpforms-417-field_1\" class=\"wpforms-field-sublabel after\">Nombre<\/label><\/div><div class=\"wpforms-field-row-block wpforms-one-half\"><input type=\"text\" id=\"wpforms-417-field_1-last\" class=\"wpforms-field-name-last wpforms-field-required\" name=\"wpforms[fields][1][last]\" aria-errormessage=\"wpforms-417-field_1-last-error\" required><label for=\"wpforms-417-field_1-last\" class=\"wpforms-field-sublabel after\">Apellidos<\/label><\/div><\/div><\/fieldset><\/div><div id=\"wpforms-417-field_4-container\" class=\"wpforms-field wpforms-field-number\" data-field-id=\"4\"><label class=\"wpforms-field-label\" for=\"wpforms-417-field_4\">Tel\u00e9fono <span class=\"wpforms-required-label\" aria-hidden=\"true\">*<\/span><\/label><input type=\"number\" id=\"wpforms-417-field_4\" class=\"wpforms-field-medium wpforms-field-required\" name=\"wpforms[fields][4]\" step=\"any\" aria-errormessage=\"wpforms-417-field_4-error\" aria-describedby=\"wpforms-417-field_4-description\" required><div id=\"wpforms-417-field_4-description\" class=\"wpforms-field-description\">A 10 d\u00edgitos<\/div><\/div>\t\t<div id=\"wpforms-417-field_5-container\"\n\t\t\tclass=\"wpforms-field wpforms-field-text\"\n\t\t\tdata-field-type=\"text\"\n\t\t\tdata-field-id=\"5\"\n\t\t\t>\n\t\t\t<label class=\"wpforms-field-label\" for=\"wpforms-417-field_5\" >Plan Perfil el<\/label>\n\t\t\t<input type=\"text\" id=\"wpforms-417-field_5\" class=\"wpforms-field-medium\" name=\"wpforms[fields][5]\" >\n\t\t<\/div>\n\t\t<div id=\"wpforms-417-field_2-container\" class=\"wpforms-field wpforms-field-email\" data-field-id=\"2\"><label class=\"wpforms-field-label\" for=\"wpforms-417-field_2\">Correo electr\u00f3nico <span class=\"wpforms-required-label\" aria-hidden=\"true\">*<\/span><\/label><input type=\"email\" id=\"wpforms-417-field_2\" class=\"wpforms-field-medium wpforms-field-required\" name=\"wpforms[fields][2]\" spellcheck=\"false\" aria-errormessage=\"wpforms-417-field_2-error\" required><\/div><div id=\"wpforms-417-field_7-container\" class=\"wpforms-field wpforms-field-checkbox\" data-field-id=\"7\"><fieldset><legend class=\"wpforms-field-label\">Perfil<\/legend><ul id=\"wpforms-417-field_7\"><li class=\"choice-1 depth-1\"><input type=\"checkbox\" id=\"wpforms-417-field_7_1\" name=\"wpforms[fields][7][]\" value=\"Directivo\" aria-errormessage=\"wpforms-417-field_7_1-error\"  ><label class=\"wpforms-field-label-inline\" for=\"wpforms-417-field_7_1\">Directivo<\/label><\/li><li class=\"choice-2 depth-1\"><input type=\"checkbox\" id=\"wpforms-417-field_7_2\" name=\"wpforms[fields][7][]\" value=\"Entrenador\" aria-errormessage=\"wpforms-417-field_7_2-error\"  ><label class=\"wpforms-field-label-inline\" for=\"wpforms-417-field_7_2\">Entrenador<\/label><\/li><li class=\"choice-3 depth-1\"><input type=\"checkbox\" id=\"wpforms-417-field_7_3\" name=\"wpforms[fields][7][]\" value=\"Jugador\" aria-errormessage=\"wpforms-417-field_7_3-error\"  ><label class=\"wpforms-field-label-inline\" for=\"wpforms-417-field_7_3\">Jugador<\/label><\/li><li class=\"choice-4 depth-1\"><input type=\"checkbox\" id=\"wpforms-417-field_7_4\" name=\"wpforms[fields][7][]\" value=\"Padre o Tutor\" aria-errormessage=\"wpforms-417-field_7_4-error\"  ><label class=\"wpforms-field-label-inline\" for=\"wpforms-417-field_7_4\">Padre o Tutor<\/label><\/li><\/ul><\/fieldset><\/div><div id=\"wpforms-417-field_8-container\" class=\"wpforms-field wpforms-field-text\" data-field-id=\"8\"><label class=\"wpforms-field-label\" for=\"wpforms-417-field_8\">Nombre del Club Deportivo<\/label><input type=\"text\" id=\"wpforms-417-field_8\" class=\"wpforms-field-medium\" name=\"wpforms[fields][8]\" aria-errormessage=\"wpforms-417-field_8-error\" ><\/div><div id=\"wpforms-417-field_9-container\" class=\"wpforms-field wpforms-field-text\" data-field-id=\"9\"><label class=\"wpforms-field-label\" for=\"wpforms-417-field_9\">Sitio Web del Club Deportivo<\/label><input type=\"text\" id=\"wpforms-417-field_9\" class=\"wpforms-field-medium\" name=\"wpforms[fields][9]\" aria-errormessage=\"wpforms-417-field_9-error\" ><\/div><div id=\"wpforms-417-field_10-container\" class=\"wpforms-field wpforms-field-select wpforms-field-select-style-classic\" data-field-id=\"10\"><label class=\"wpforms-field-label\" for=\"wpforms-417-field_10\">Elige el Plan a Cotizar<\/label><select id=\"wpforms-417-field_10\" class=\"wpforms-field-medium\" name=\"wpforms[fields][10]\"><option value=\"Friends\"  class=\"choice-1 depth-1\"  >Friends<\/option><option value=\"Arranque\"  class=\"choice-6 depth-1\"  >Arranque<\/option><option value=\"Impulso\"  class=\"choice-2 depth-1\"  >Impulso<\/option><option value=\"Pro\"  class=\"choice-3 depth-1\"  >Pro<\/option><option value=\"Elite\"  class=\"choice-4 depth-1\"  >Elite<\/option><option value=\"Leyenda\"  class=\"choice-5 depth-1\"  >Leyenda<\/option><\/select><\/div><div id=\"wpforms-417-field_3-container\" class=\"wpforms-field wpforms-field-textarea\" data-field-id=\"3\"><label class=\"wpforms-field-label\" for=\"wpforms-417-field_3\">Comentario o mensaje<\/label><textarea id=\"wpforms-417-field_3\" class=\"wpforms-field-medium\" name=\"wpforms[fields][3]\" aria-errormessage=\"wpforms-417-field_3-error\" ><\/textarea><\/div><script>\n\t\t\t\t( function() {\n\t\t\t\t\tconst style = document.createElement( 'style' );\n\t\t\t\t\tstyle.appendChild( document.createTextNode( '#wpforms-417-field_5-container { position: absolute !important; overflow: hidden !important; display: inline !important; height: 1px !important; width: 1px !important; z-index: -1000 !important; padding: 0 !important; } #wpforms-417-field_5-container input { visibility: hidden; } #wpforms-conversational-form-page #wpforms-417-field_5-container label { counter-increment: none; }' ) );\n\t\t\t\t\tdocument.head.appendChild( style );\n\t\t\t\t\tdocument.currentScript?.remove();\n\t\t\t\t} )();\n\t\t\t<\/script><\/div><!-- .wpforms-field-container --><div class=\"wpforms-recaptcha-container wpforms-is-recaptcha wpforms-is-recaptcha-type-v2\" ><div class=\"g-recaptcha\" data-sitekey=\"6Lfwv1MrAAAAAFXxpZ6WWk7hcGgCDaXWyLWG1WcP\"><\/div><input type=\"text\" name=\"g-recaptcha-hidden\" class=\"wpforms-recaptcha-hidden\" style=\"position:absolute!important;clip:rect(0,0,0,0)!important;height:1px!important;width:1px!important;border:0!important;overflow:hidden!important;padding:0!important;margin:0!important;\" data-rule-recaptcha=\"1\"><\/div><div class=\"wpforms-submit-container\" ><input type=\"hidden\" name=\"wpforms[id]\" value=\"417\"><input type=\"hidden\" name=\"page_title\" value=\"\"><input type=\"hidden\" name=\"page_url\" value=\"https:\/\/champp.mx\/index.php\/wp-json\/wp\/v2\/pages\/1069\"><input type=\"hidden\" name=\"url_referer\" value=\"\"><button type=\"submit\" name=\"wpforms[submit]\" id=\"wpforms-submit-417\" class=\"wpforms-submit\" data-alt-text=\"Enviando...\" data-submit-text=\"Enviar\" aria-live=\"assertive\" value=\"wpforms-submit\">Enviar<\/button><img decoding=\"async\" src=\"https:\/\/champp.mx\/wp-content\/plugins\/wpforms-lite\/assets\/images\/submit-spin.svg\" class=\"wpforms-submit-spinner\" style=\"display: none;\" width=\"26\" height=\"26\" alt=\"Cargando\"><\/div><\/form><\/div>  <!-- .wpforms-container -->\t\t\t\t<\/div>\n\t\t\t\t<\/div>\n\t\t\t\t<\/div>\n\t\t<div class=\"elementor-element elementor-element-6a83d83 e-con-full e-flex e-con e-child\" data-id=\"6a83d83\" data-element_type=\"container\" data-e-type=\"container\">\n\t\t\t\t<div class=\"elementor-element elementor-element-3b2a368 elementor-widget elementor-widget-text-editor\" data-id=\"3b2a368\" data-element_type=\"widget\" data-e-type=\"widget\" data-widget_type=\"text-editor.default\">\n\t\t\t\t<div class=\"elementor-widget-container\">\n\t\t\t\t\t\t\t\t\t<p>Si alguno de estos planes te entusiasma y quieres unirte a nuestra comunidad deportiva, te invitamos a completar nuestro sencillo formulario web. \u00a1Es el primer paso para potenciar tu juego y vivir la pasi\u00f3n del deporte con nosotros!<\/p>\t\t\t\t\t\t\t\t<\/div>\n\t\t\t\t<\/div>\n\t\t\t\t<div class=\"elementor-element elementor-element-6313806 elementor-widget elementor-widget-heading\" data-id=\"6313806\" data-element_type=\"widget\" data-e-type=\"widget\" data-widget_type=\"heading.default\">\n\t\t\t\t<div class=\"elementor-widget-container\">\n\t\t\t\t\t<h4 class=\"elementor-heading-title elementor-size-default\">ARRANQUE\n<\/h4>\t\t\t\t<\/div>\n\t\t\t\t<\/div>\n\t\t\t\t<div class=\"elementor-element elementor-element-f2ffe8b elementor-widget elementor-widget-heading\" data-id=\"f2ffe8b\" data-element_type=\"widget\" data-e-type=\"widget\" data-widget_type=\"heading.default\">\n\t\t\t\t<div class=\"elementor-widget-container\">\n\t\t\t\t\t<h4 class=\"elementor-heading-title elementor-size-default\">Hasta 35 jugadores\n<\/h4>\t\t\t\t<\/div>\n\t\t\t\t<\/div>\n\t\t\t\t<div class=\"elementor-element elementor-element-10b0aa9 elementor-widget elementor-widget-text-editor\" data-id=\"10b0aa9\" data-element_type=\"widget\" data-e-type=\"widget\" data-widget_type=\"text-editor.default\">\n\t\t\t\t<div class=\"elementor-widget-container\">\n\t\t\t\t\t\t\t\t\tA partir de $500 MN + IVA mensuales, dependiendo del n\u00famero de usuarios administradores, y totales. Sujeto a cambios sin previo aviso y a las diferentes promociones.\t\t\t\t\t\t\t\t<\/div>\n\t\t\t\t<\/div>\n\t\t\t\t<div class=\"elementor-element elementor-element-4f24787 elementor-widget elementor-widget-heading\" data-id=\"4f24787\" data-element_type=\"widget\" data-e-type=\"widget\" data-widget_type=\"heading.default\">\n\t\t\t\t<div class=\"elementor-widget-container\">\n\t\t\t\t\t<h5 class=\"elementor-heading-title elementor-size-default\">La membres\u00eda es de acuerdo al n\u00famero de jugadores por filial, en caso de que un club tenga m\u00e1s de una filial pregunte por nuestros precios.\n<\/h5>\t\t\t\t<\/div>\n\t\t\t\t<\/div>\n\t\t\t\t<div class=\"elementor-element elementor-element-e47b657 elementor-widget elementor-widget-spacer\" data-id=\"e47b657\" data-element_type=\"widget\" data-e-type=\"widget\" data-widget_type=\"spacer.default\">\n\t\t\t\t<div class=\"elementor-widget-container\">\n\t\t\t\t\t\t\t<div class=\"elementor-spacer\">\n\t\t\t<div class=\"elementor-spacer-inner\"><\/div>\n\t\t<\/div>\n\t\t\t\t\t\t<\/div>\n\t\t\t\t<\/div>\n\t\t\t\t<div class=\"elementor-element elementor-element-3225b13 elementor-widget elementor-widget-heading\" data-id=\"3225b13\" data-element_type=\"widget\" data-e-type=\"widget\" data-widget_type=\"heading.default\">\n\t\t\t\t<div class=\"elementor-widget-container\">\n\t\t\t\t\t<h3 class=\"elementor-heading-title elementor-size-default\">PROFESIONALIZA TU CLUB\n<\/h3>\t\t\t\t<\/div>\n\t\t\t\t<\/div>\n\t\t\t\t<div class=\"elementor-element elementor-element-5ff9311 elementor-widget elementor-widget-heading\" data-id=\"5ff9311\" data-element_type=\"widget\" data-e-type=\"widget\" data-widget_type=\"heading.default\">\n\t\t\t\t<div class=\"elementor-widget-container\">\n\t\t\t\t\t<h4 class=\"elementor-heading-title elementor-size-default\">Beneficios Exclusivos para Directivos con Nuestra Aplicaci\u00f3n Digital\n<\/h4>\t\t\t\t<\/div>\n\t\t\t\t<\/div>\n\t\t\t\t<div class=\"elementor-element elementor-element-fc88912 elementor-widget elementor-widget-text-editor\" data-id=\"fc88912\" data-element_type=\"widget\" data-e-type=\"widget\" data-widget_type=\"text-editor.default\">\n\t\t\t\t<div class=\"elementor-widget-container\">\n\t\t\t\t\t\t\t\t\t<ul><li>Digitaliza la administraci\u00f3n de tu Club\u200b<\/li><li>Dale diferentes opciones de pago a tu comunidad<\/li><li>Control y Estad\u00edsticas de los pagos \u200b<\/li><li>Comunicaci\u00f3n y Avisos con tu comunidad deportiva\u200b<\/li><\/ul>\t\t\t\t\t\t\t\t<\/div>\n\t\t\t\t<\/div>\n\t\t\t\t<div class=\"elementor-element elementor-element-6a72679 elementor-widget elementor-widget-image\" data-id=\"6a72679\" data-element_type=\"widget\" data-e-type=\"widget\" data-widget_type=\"image.default\">\n\t\t\t\t<div class=\"elementor-widget-container\">\n\t\t\t\t\t\t\t\t\t\t\t\t\t\t\t<img fetchpriority=\"high\" decoding=\"async\" width=\"717\" height=\"866\" src=\"https:\/\/i0.wp.com\/champp.mx\/wp-content\/uploads\/2025\/06\/directivo-champp-m1.jpg?fit=717%2C866&amp;ssl=1\" class=\"attachment-large size-large wp-image-792\" alt=\"\" srcset=\"https:\/\/i0.wp.com\/champp.mx\/wp-content\/uploads\/2025\/06\/directivo-champp-m1.jpg?w=717&amp;ssl=1 717w, https:\/\/i0.wp.com\/champp.mx\/wp-content\/uploads\/2025\/06\/directivo-champp-m1.jpg?resize=248%2C300&amp;ssl=1 248w\" sizes=\"(max-width: 717px) 100vw, 717px\" \/>\t\t\t\t\t\t\t\t\t\t\t\t\t\t\t<\/div>\n\t\t\t\t<\/div>\n\t\t\t\t<\/div>\n\t\t\t\t\t<\/div>\n\t\t\t\t<\/div>\n\t\t\t\t<\/div>\n\t\t\t\t\t<\/div>\n\t\t\t\t<\/div>\n\t\t\t\t<\/div>\n\t\t","protected":false},"excerpt":{"rendered":"<p>ARRANQUE Para continuar el proceso ingresar datos completos Por favor, activa JavaScript en tu navegador para completar este formulario.Por favor, activa JavaScript en tu navegador para completar este formulario. Nombre * NombreApellidos Tel\u00e9fono *A 10 d\u00edgitosCorreo electr\u00f3nico * Perfil Directivo Entrenador Jugador Padre o Tutor Nombre del Club DeportivoSitio Web del Club DeportivoElige el Plan a CotizarFriendsArranqueImpulsoProEliteLeyendaComentario o mensaje Enviar [&hellip;]<\/p>\n","protected":false},"author":2,"featured_media":0,"parent":0,"menu_order":0,"comment_status":"closed","ping_status":"closed","template":"elementor_header_footer","meta":{"_crdt_document":"","advanced_seo_description":"","jetpack_seo_html_title":"","jetpack_seo_noindex":false,"footnotes":""},"class_list":["post-1069","page","type-page","status-publish","hentry"],"jetpack_shortlink":"https:\/\/wp.me\/PgBz5S-hf","_links":{"self":[{"href":"https:\/\/champp.mx\/index.php\/wp-json\/wp\/v2\/pages\/1069","targetHints":{"allow":["GET"]}}],"collection":[{"href":"https:\/\/champp.mx\/index.php\/wp-json\/wp\/v2\/pages"}],"about":[{"href":"https:\/\/champp.mx\/index.php\/wp-json\/wp\/v2\/types\/page"}],"author":[{"embeddable":true,"href":"https:\/\/champp.mx\/index.php\/wp-json\/wp\/v2\/users\/2"}],"replies":[{"embeddable":true,"href":"https:\/\/champp.mx\/index.php\/wp-json\/wp\/v2\/comments?post=1069"}],"version-history":[{"count":4,"href":"https:\/\/champp.mx\/index.php\/wp-json\/wp\/v2\/pages\/1069\/revisions"}],"predecessor-version":[{"id":1074,"href":"https:\/\/champp.mx\/index.php\/wp-json\/wp\/v2\/pages\/1069\/revisions\/1074"}],"wp:attachment":[{"href":"https:\/\/champp.mx\/index.php\/wp-json\/wp\/v2\/media?parent=1069"}],"curies":[{"name":"wp","href":"https:\/\/api.w.org\/{rel}","templated":true}]}}